{"id":1135,"date":"2017-10-09T10:12:59","date_gmt":"2017-10-09T08:12:59","guid":{"rendered":"https:\/\/www.maisonlouiscarre.fr\/mlc\/infos-pratiques\/"},"modified":"2026-03-01T21:07:28","modified_gmt":"2026-03-01T20:07:28","slug":"practical-information","status":"publish","type":"page","link":"https:\/\/www.maisonlouiscarre.fr\/mlc\/en\/practical-information\/","title":{"rendered":"PRACTICAL INFORMATION"},"content":{"rendered":"<div class=\"fusion-fullwidth fullwidth-box fusion-builder-row-1 nonhundred-percent-fullwidth non-hundred-percent-height-scrolling annulPadding\" style=\"--awb-border-radius-top-left:0px;--awb-border-radius-top-right:0px;--awb-border-radius-bottom-right:0px;--awb-border-radius-bottom-left:0px;--awb-flex-wrap:wrap;\" ><div class=\"fusion-builder-row fusion-row\"><div class=\"fusion-layout-column fusion_builder_column fusion-builder-column-0 fusion_builder_column_1_2 1_2 fusion-one-half fusion-column-first\" style=\"--awb-bg-size:cover;width:50%;width:calc(50% - ( ( 4% ) * 0.5 ) );margin-right: 4%;\"><div class=\"fusion-column-wrapper fusion-flex-column-wrapper-legacy\"><iframe src=\"https:\/\/www.google.com\/maps\/embed?pb=!1m18!1m12!1m3!1d2629.6227579687975!2d1.8541666999999997!3d48.769999999999996!2m3!1f0!2f0!3f0!3m2!1i1024!2i768!4f13.1!3m3!1m2!1s0x47e69c6ecefa1b87%3A0xf54248c89f3be099!2sMaison%20Louis%20Carr%C3%A9!5e0!3m2!1sfr!2sfr!4v1663707413930!5m2!1sfr!2sfr\" width=\"450\" height=\"450\" style=\"border:0;\" allowfullscreen=\"\" loading=\"lazy\" referrerpolicy=\"no-referrer-when-downgrade\"><\/iframe><div class=\"fusion-clearfix\"><\/div><\/div><\/div><div class=\"fusion-layout-column fusion_builder_column fusion-builder-column-1 fusion_builder_column_1_2 1_2 fusion-one-half fusion-column-last\" style=\"--awb-bg-size:cover;width:50%;width:calc(50% - ( ( 4% ) * 0.5 ) );\"><div class=\"fusion-column-wrapper fusion-flex-column-wrapper-legacy\"><div class=\"fusion-text fusion-text-1\" style=\"--awb-text-transform:none;\"><p><em>Address<\/em><br \/>\nMaison Louis Carr\u00e9<br \/>\n2 chemin du Saint-Sacrement<br \/>\n78490 Bazoches-sur-Guyonne, France<br \/>\ntel. +33 (0)1 34 86 79 63<\/p>\n<p><em>Open<\/em><br \/>\nMarch-November: Saturdays and Sundays 14.00-18.00 (2pm-6pm)<br \/>\nGuided tours on the hour (last tour at 17.00).<br \/>\nDays and times may vary.<\/p>\n<p><strong>NB: ADVANCE BOOKING REQUIRED<\/strong><\/p>\n<p><a href=\"https:\/\/www.maisonlouiscarre.fr\/mlc\/en\/visits-and-booking\/\">&gt; More information on the visits and booking page<\/a><\/p>\n<p><em>Location<br \/>\n<\/em>&gt; For GPS users, please indicate Maison Louis Carr\u00e9 or use the address of Maison Jean Monnet (7 Chemin du Vieux Pressoir), we are just opposite.<br \/>\nAbout 40 km south-west of Paris.<\/p>\n<p><em>Access<\/em><br \/>\n&gt; By car: A13 at Porte d\u2019Auteuil, A12 to Dreux, N12, exit Jouars-Pontchartrain. Follow the road signs Maison de Jean Monnet.<br \/>\n&gt; By RER C and bus: to Saint-Quentin-en-Yvelines, then bus 5315 direction Les Mesnuls Ch\u00e2teau, stop Bazoches Eglise (Saturdays leaves at 12:00, 14:00 and 16:00, returns at 15:15, 17:15 and 19:15, NO BUSES ON SUNDAYS).<br \/>\n&gt; By train: from Gare Montparnasse to Villiers-Neauphle (line N*), then taxi, tel. +33 6 82 58 34 27, +33 6 49 58 26 55, +33 1 30 54 00 00, advance order necessary. For possible works on the line, please consult train <strong><a href=\"https:\/\/www.transilien.com\/fr\/itineraire\" target=\"_blank\" rel=\"noopener\">itinerary<\/a><\/strong>.<\/p>\n<p>&gt; By shuttle: the first Saturday of each month, from April to November, departure from Porte d&#8217;Auteuil at 3 pm, return to Paris around 7 pm.<\/p>\n<p>*Informations on the <a href=\"https:\/\/www.transilien.com\/lignes\/rer-trains\/ligne-N\" target=\"_blank\" rel=\"noopener\">Transilien train, line N<\/a>.<\/p>\n<\/div><div class=\"fusion-clearfix\"><\/div><\/div><\/div><\/div><\/div>\n","protected":false},"excerpt":{"rendered":"","protected":false},"author":1,"featured_media":0,"parent":0,"menu_order":0,"comment_status":"closed","ping_status":"closed","template":"","meta":{"footnotes":""},"class_list":["post-1135","page","type-page","status-publish","hentry"],"yoast_head":"<!-- This site is optimized with the Yoast SEO plugin v27.4 - https:\/\/yoast.com\/product\/yoast-seo-wordpress\/ -->\n<title>PRACTICAL INFORMATION - Maison Louis Carr\u00e9<\/title>\n<meta name=\"robots\" content=\"index, follow, max-snippet:-1, max-image-preview:large, max-video-preview:-1\" \/>\n<link rel=\"canonical\" href=\"https:\/\/www.maisonlouiscarre.fr\/mlc\/en\/practical-information\/\" \/>\n<meta property=\"og:locale\" content=\"en_US\" \/>\n<meta property=\"og:type\" content=\"article\" \/>\n<meta property=\"og:title\" content=\"PRACTICAL INFORMATION - Maison Louis Carr\u00e9\" \/>\n<meta property=\"og:url\" content=\"https:\/\/www.maisonlouiscarre.fr\/mlc\/en\/practical-information\/\" \/>\n<meta property=\"og:site_name\" content=\"Maison Louis Carr\u00e9\" \/>\n<meta property=\"article:publisher\" content=\"https:\/\/www.facebook.com\/MaisonLouisCarre\/\" \/>\n<meta property=\"article:modified_time\" content=\"2026-03-01T20:07:28+00:00\" \/>\n<meta name=\"twitter:card\" content=\"summary_large_image\" \/>\n<meta name=\"twitter:label1\" content=\"Est. reading time\" \/>\n\t<meta name=\"twitter:data1\" content=\"3 minutes\" \/>\n<script type=\"application\/ld+json\" class=\"yoast-schema-graph\">{\"@context\":\"https:\\\/\\\/schema.org\",\"@graph\":[{\"@type\":\"WebPage\",\"@id\":\"https:\\\/\\\/www.maisonlouiscarre.fr\\\/mlc\\\/en\\\/practical-information\\\/\",\"url\":\"https:\\\/\\\/www.maisonlouiscarre.fr\\\/mlc\\\/en\\\/practical-information\\\/\",\"name\":\"PRACTICAL INFORMATION - Maison Louis Carr\u00e9\",\"isPartOf\":{\"@id\":\"https:\\\/\\\/www.maisonlouiscarre.fr\\\/mlc\\\/#website\"},\"datePublished\":\"2017-10-09T08:12:59+00:00\",\"dateModified\":\"2026-03-01T20:07:28+00:00\",\"breadcrumb\":{\"@id\":\"https:\\\/\\\/www.maisonlouiscarre.fr\\\/mlc\\\/en\\\/practical-information\\\/#breadcrumb\"},\"inLanguage\":\"en-US\",\"potentialAction\":[{\"@type\":\"ReadAction\",\"target\":[\"https:\\\/\\\/www.maisonlouiscarre.fr\\\/mlc\\\/en\\\/practical-information\\\/\"]}]},{\"@type\":\"BreadcrumbList\",\"@id\":\"https:\\\/\\\/www.maisonlouiscarre.fr\\\/mlc\\\/en\\\/practical-information\\\/#breadcrumb\",\"itemListElement\":[{\"@type\":\"ListItem\",\"position\":1,\"name\":\"Accueil\",\"item\":\"https:\\\/\\\/www.maisonlouiscarre.fr\\\/mlc\\\/en\\\/\"},{\"@type\":\"ListItem\",\"position\":2,\"name\":\"PRACTICAL INFORMATION\"}]},{\"@type\":\"WebSite\",\"@id\":\"https:\\\/\\\/www.maisonlouiscarre.fr\\\/mlc\\\/#website\",\"url\":\"https:\\\/\\\/www.maisonlouiscarre.fr\\\/mlc\\\/\",\"name\":\"Maison Louis Carr\u00e9\",\"description\":\"Villa r\u00e9alis\u00e9e par l&#039;architecte Alvar Aalto pour le marchand d&#039;art Louis Carr\u00e9, qui accueille aujourd&#039;hui des visites, des \u00e9v\u00e9nements et des s\u00e9minaires.\",\"publisher\":{\"@id\":\"https:\\\/\\\/www.maisonlouiscarre.fr\\\/mlc\\\/#organization\"},\"potentialAction\":[{\"@type\":\"SearchAction\",\"target\":{\"@type\":\"EntryPoint\",\"urlTemplate\":\"https:\\\/\\\/www.maisonlouiscarre.fr\\\/mlc\\\/?s={search_term_string}\"},\"query-input\":{\"@type\":\"PropertyValueSpecification\",\"valueRequired\":true,\"valueName\":\"search_term_string\"}}],\"inLanguage\":\"en-US\"},{\"@type\":\"Organization\",\"@id\":\"https:\\\/\\\/www.maisonlouiscarre.fr\\\/mlc\\\/#organization\",\"name\":\"Maison Louis Carr\u00e9\",\"url\":\"https:\\\/\\\/www.maisonlouiscarre.fr\\\/mlc\\\/\",\"logo\":{\"@type\":\"ImageObject\",\"inLanguage\":\"en-US\",\"@id\":\"https:\\\/\\\/www.maisonlouiscarre.fr\\\/mlc\\\/#\\\/schema\\\/logo\\\/image\\\/\",\"url\":\"https:\\\/\\\/www.maisonlouiscarre.fr\\\/mlc\\\/wp-content\\\/uploads\\\/2026\\\/03\\\/Logo_MLC-1.png\",\"contentUrl\":\"https:\\\/\\\/www.maisonlouiscarre.fr\\\/mlc\\\/wp-content\\\/uploads\\\/2026\\\/03\\\/Logo_MLC-1.png\",\"width\":592,\"height\":192,\"caption\":\"Maison Louis Carr\u00e9\"},\"image\":{\"@id\":\"https:\\\/\\\/www.maisonlouiscarre.fr\\\/mlc\\\/#\\\/schema\\\/logo\\\/image\\\/\"},\"sameAs\":[\"https:\\\/\\\/www.facebook.com\\\/MaisonLouisCarre\\\/\"]}]}<\/script>\n<!-- \/ Yoast SEO plugin. -->","yoast_head_json":{"title":"PRACTICAL INFORMATION - Maison Louis Carr\u00e9","robots":{"index":"index","follow":"follow","max-snippet":"max-snippet:-1","max-image-preview":"max-image-preview:large","max-video-preview":"max-video-preview:-1"},"canonical":"https:\/\/www.maisonlouiscarre.fr\/mlc\/en\/practical-information\/","og_locale":"en_US","og_type":"article","og_title":"PRACTICAL INFORMATION - Maison Louis Carr\u00e9","og_url":"https:\/\/www.maisonlouiscarre.fr\/mlc\/en\/practical-information\/","og_site_name":"Maison Louis Carr\u00e9","article_publisher":"https:\/\/www.facebook.com\/MaisonLouisCarre\/","article_modified_time":"2026-03-01T20:07:28+00:00","twitter_card":"summary_large_image","twitter_misc":{"Est. reading time":"3 minutes"},"schema":{"@context":"https:\/\/schema.org","@graph":[{"@type":"WebPage","@id":"https:\/\/www.maisonlouiscarre.fr\/mlc\/en\/practical-information\/","url":"https:\/\/www.maisonlouiscarre.fr\/mlc\/en\/practical-information\/","name":"PRACTICAL INFORMATION - Maison Louis Carr\u00e9","isPartOf":{"@id":"https:\/\/www.maisonlouiscarre.fr\/mlc\/#website"},"datePublished":"2017-10-09T08:12:59+00:00","dateModified":"2026-03-01T20:07:28+00:00","breadcrumb":{"@id":"https:\/\/www.maisonlouiscarre.fr\/mlc\/en\/practical-information\/#breadcrumb"},"inLanguage":"en-US","potentialAction":[{"@type":"ReadAction","target":["https:\/\/www.maisonlouiscarre.fr\/mlc\/en\/practical-information\/"]}]},{"@type":"BreadcrumbList","@id":"https:\/\/www.maisonlouiscarre.fr\/mlc\/en\/practical-information\/#breadcrumb","itemListElement":[{"@type":"ListItem","position":1,"name":"Accueil","item":"https:\/\/www.maisonlouiscarre.fr\/mlc\/en\/"},{"@type":"ListItem","position":2,"name":"PRACTICAL INFORMATION"}]},{"@type":"WebSite","@id":"https:\/\/www.maisonlouiscarre.fr\/mlc\/#website","url":"https:\/\/www.maisonlouiscarre.fr\/mlc\/","name":"Maison Louis Carr\u00e9","description":"Villa r\u00e9alis\u00e9e par l&#039;architecte Alvar Aalto pour le marchand d&#039;art Louis Carr\u00e9, qui accueille aujourd&#039;hui des visites, des \u00e9v\u00e9nements et des s\u00e9minaires.","publisher":{"@id":"https:\/\/www.maisonlouiscarre.fr\/mlc\/#organization"},"potentialAction":[{"@type":"SearchAction","target":{"@type":"EntryPoint","urlTemplate":"https:\/\/www.maisonlouiscarre.fr\/mlc\/?s={search_term_string}"},"query-input":{"@type":"PropertyValueSpecification","valueRequired":true,"valueName":"search_term_string"}}],"inLanguage":"en-US"},{"@type":"Organization","@id":"https:\/\/www.maisonlouiscarre.fr\/mlc\/#organization","name":"Maison Louis Carr\u00e9","url":"https:\/\/www.maisonlouiscarre.fr\/mlc\/","logo":{"@type":"ImageObject","inLanguage":"en-US","@id":"https:\/\/www.maisonlouiscarre.fr\/mlc\/#\/schema\/logo\/image\/","url":"https:\/\/www.maisonlouiscarre.fr\/mlc\/wp-content\/uploads\/2026\/03\/Logo_MLC-1.png","contentUrl":"https:\/\/www.maisonlouiscarre.fr\/mlc\/wp-content\/uploads\/2026\/03\/Logo_MLC-1.png","width":592,"height":192,"caption":"Maison Louis Carr\u00e9"},"image":{"@id":"https:\/\/www.maisonlouiscarre.fr\/mlc\/#\/schema\/logo\/image\/"},"sameAs":["https:\/\/www.facebook.com\/MaisonLouisCarre\/"]}]}},"_links":{"self":[{"href":"https:\/\/www.maisonlouiscarre.fr\/mlc\/en\/wp-json\/wp\/v2\/pages\/1135","targetHints":{"allow":["GET"]}}],"collection":[{"href":"https:\/\/www.maisonlouiscarre.fr\/mlc\/en\/wp-json\/wp\/v2\/pages"}],"about":[{"href":"https:\/\/www.maisonlouiscarre.fr\/mlc\/en\/wp-json\/wp\/v2\/types\/page"}],"author":[{"embeddable":true,"href":"https:\/\/www.maisonlouiscarre.fr\/mlc\/en\/wp-json\/wp\/v2\/users\/1"}],"replies":[{"embeddable":true,"href":"https:\/\/www.maisonlouiscarre.fr\/mlc\/en\/wp-json\/wp\/v2\/comments?post=1135"}],"version-history":[{"count":62,"href":"https:\/\/www.maisonlouiscarre.fr\/mlc\/en\/wp-json\/wp\/v2\/pages\/1135\/revisions"}],"predecessor-version":[{"id":50837,"href":"https:\/\/www.maisonlouiscarre.fr\/mlc\/en\/wp-json\/wp\/v2\/pages\/1135\/revisions\/50837"}],"wp:attachment":[{"href":"https:\/\/www.maisonlouiscarre.fr\/mlc\/en\/wp-json\/wp\/v2\/media?parent=1135"}],"curies":[{"name":"wp","href":"https:\/\/api.w.org\/{rel}","templated":true}]}}