{"id":8578,"date":"2019-07-22T12:40:53","date_gmt":"2019-07-22T10:40:53","guid":{"rendered":"https:\/\/www.maisonlouiscarre.fr\/mlc\/?post_type=product&#038;p=8578"},"modified":"2026-03-19T10:17:52","modified_gmt":"2026-03-19T09:17:52","slug":"reservez-votre-visite-guidee-en-anglais-avec-navette","status":"publish","type":"product","link":"https:\/\/www.maisonlouiscarre.fr\/mlc\/produit\/reservez-votre-visite-guidee-en-anglais-avec-navette\/","title":{"rendered":"> R\u00c9SERVEZ VOTRE VISITE GUID\u00c9E EN ANGLAIS AVEC NAVETTE"},"content":{"rendered":"","protected":false},"excerpt":{"rendered":"<h3>&#8211; D\u00e9part de la porte d\u2019Auteuil, devant la fontaine, \u00e0 15h00, retour porte d\u2019Auteuil vers 19h.<\/h3>\n<h3>&#8211; 1 heure de visite guid\u00e9e en anglais + 1 heure de visite libre du parc.<\/h3>\n<h3>&#8211; M\u00b0 Porte d&rsquo;Auteuil (ligne 10), sortie n\u00b0 2, rdv devant la fontaine, le car de Versailles y est 15 min avant. (<a href=\"https:\/\/www.maisonlouiscarre.fr\/mlc\/infos-pratiques\/\"><u>Plan<\/u><\/a>).<\/h3>\n<h3>&#8211; Pour le retour, rejoindre le bus sur le parking de la maison \u00e0 18h15.<\/h3>\n<h3>Date en rose : complet ou ferm\u00e9<\/h3>\n","protected":false},"featured_media":1354,"template":"","meta":[],"product_brand":[],"product_cat":[64],"product_tag":[],"class_list":{"0":"post-8578","1":"product","2":"type-product","3":"status-publish","4":"has-post-thumbnail","6":"product_cat-non-classifiee","8":"first","9":"instock","10":"virtual","11":"sold-individually","12":"taxable","13":"purchasable","14":"product-type-booking"},"booking_location":"","booking_location_type":"","booking_duration":3,"booking_duration_unit":"hour","booking_buffer":0,"booking_cost":0,"booking_resources":[],"yoast_head":"<!-- This site is optimized with the Yoast SEO plugin v27.3 - https:\/\/yoast.com\/product\/yoast-seo-wordpress\/ -->\n<title>&gt; R\u00c9SERVEZ VOTRE VISITE GUID\u00c9E EN ANGLAIS AVEC NAVETTE - Maison Louis Carr\u00e9<\/title>\n<meta name=\"robots\" content=\"index, follow, max-snippet:-1, max-image-preview:large, max-video-preview:-1\" \/>\n<link rel=\"canonical\" href=\"https:\/\/www.maisonlouiscarre.fr\/mlc\/produit\/reservez-votre-visite-guidee-en-anglais-avec-navette\/\" \/>\n<meta property=\"og:locale\" content=\"fr_FR\" \/>\n<meta property=\"og:type\" content=\"article\" \/>\n<meta property=\"og:title\" content=\"&gt; R\u00c9SERVEZ VOTRE VISITE GUID\u00c9E EN ANGLAIS AVEC NAVETTE - Maison Louis Carr\u00e9\" \/>\n<meta property=\"og:description\" content=\"- D\u00e9part de la porte d\u2019Auteuil, devant la fontaine, \u00e0 15h00, retour porte d\u2019Auteuil vers 19h. - 1 heure de visite guid\u00e9e en anglais + 1 heure de visite libre du parc. - M\u00b0 Porte d&#039;Auteuil (ligne 10), sortie n\u00b0 2, rdv devant la fontaine, le car de Versailles y est 15 min avant. (Plan). - Pour le retour, rejoindre le bus sur le parking de la maison \u00e0 18h15. Date en rose : complet ou ferm\u00e9\" \/>\n<meta property=\"og:url\" content=\"https:\/\/www.maisonlouiscarre.fr\/mlc\/produit\/reservez-votre-visite-guidee-en-anglais-avec-navette\/\" \/>\n<meta property=\"og:site_name\" content=\"Maison Louis Carr\u00e9\" \/>\n<meta property=\"article:publisher\" content=\"https:\/\/www.facebook.com\/MaisonLouisCarre\/\" \/>\n<meta property=\"article:modified_time\" content=\"2026-03-19T09:17:52+00:00\" \/>\n<meta property=\"og:image\" content=\"https:\/\/www.maisonlouiscarre.fr\/mlc\/wp-content\/uploads\/2018\/03\/Carre_5_pb.jpg\" \/>\n\t<meta property=\"og:image:width\" content=\"2000\" \/>\n\t<meta property=\"og:image:height\" content=\"1000\" \/>\n\t<meta property=\"og:image:type\" content=\"image\/jpeg\" \/>\n<meta name=\"twitter:card\" content=\"summary_large_image\" \/>\n<script type=\"application\/ld+json\" class=\"yoast-schema-graph\">{\"@context\":\"https:\\\/\\\/schema.org\",\"@graph\":[{\"@type\":\"WebPage\",\"@id\":\"https:\\\/\\\/www.maisonlouiscarre.fr\\\/mlc\\\/produit\\\/reservez-votre-visite-guidee-en-anglais-avec-navette\\\/\",\"url\":\"https:\\\/\\\/www.maisonlouiscarre.fr\\\/mlc\\\/produit\\\/reservez-votre-visite-guidee-en-anglais-avec-navette\\\/\",\"name\":\"> R\u00c9SERVEZ VOTRE VISITE GUID\u00c9E EN ANGLAIS AVEC NAVETTE - Maison Louis Carr\u00e9\",\"isPartOf\":{\"@id\":\"https:\\\/\\\/www.maisonlouiscarre.fr\\\/mlc\\\/#website\"},\"primaryImageOfPage\":{\"@id\":\"https:\\\/\\\/www.maisonlouiscarre.fr\\\/mlc\\\/produit\\\/reservez-votre-visite-guidee-en-anglais-avec-navette\\\/#primaryimage\"},\"image\":{\"@id\":\"https:\\\/\\\/www.maisonlouiscarre.fr\\\/mlc\\\/produit\\\/reservez-votre-visite-guidee-en-anglais-avec-navette\\\/#primaryimage\"},\"thumbnailUrl\":\"https:\\\/\\\/www.maisonlouiscarre.fr\\\/mlc\\\/wp-content\\\/uploads\\\/2018\\\/03\\\/Carre_5_pb.jpg\",\"datePublished\":\"2019-07-22T10:40:53+00:00\",\"dateModified\":\"2026-03-19T09:17:52+00:00\",\"breadcrumb\":{\"@id\":\"https:\\\/\\\/www.maisonlouiscarre.fr\\\/mlc\\\/produit\\\/reservez-votre-visite-guidee-en-anglais-avec-navette\\\/#breadcrumb\"},\"inLanguage\":\"fr-FR\",\"potentialAction\":[{\"@type\":\"ReadAction\",\"target\":[\"https:\\\/\\\/www.maisonlouiscarre.fr\\\/mlc\\\/produit\\\/reservez-votre-visite-guidee-en-anglais-avec-navette\\\/\"]}]},{\"@type\":\"ImageObject\",\"inLanguage\":\"fr-FR\",\"@id\":\"https:\\\/\\\/www.maisonlouiscarre.fr\\\/mlc\\\/produit\\\/reservez-votre-visite-guidee-en-anglais-avec-navette\\\/#primaryimage\",\"url\":\"https:\\\/\\\/www.maisonlouiscarre.fr\\\/mlc\\\/wp-content\\\/uploads\\\/2018\\\/03\\\/Carre_5_pb.jpg\",\"contentUrl\":\"https:\\\/\\\/www.maisonlouiscarre.fr\\\/mlc\\\/wp-content\\\/uploads\\\/2018\\\/03\\\/Carre_5_pb.jpg\",\"width\":2000,\"height\":1000},{\"@type\":\"BreadcrumbList\",\"@id\":\"https:\\\/\\\/www.maisonlouiscarre.fr\\\/mlc\\\/produit\\\/reservez-votre-visite-guidee-en-anglais-avec-navette\\\/#breadcrumb\",\"itemListElement\":[{\"@type\":\"ListItem\",\"position\":1,\"name\":\"Accueil\",\"item\":\"https:\\\/\\\/www.maisonlouiscarre.fr\\\/mlc\\\/\"},{\"@type\":\"ListItem\",\"position\":2,\"name\":\"Produits\",\"item\":\"https:\\\/\\\/www.maisonlouiscarre.fr\\\/mlc\\\/shop\\\/\"},{\"@type\":\"ListItem\",\"position\":3,\"name\":\"> R\u00c9SERVEZ VOTRE VISITE GUID\u00c9E EN ANGLAIS AVEC NAVETTE\"}]},{\"@type\":\"WebSite\",\"@id\":\"https:\\\/\\\/www.maisonlouiscarre.fr\\\/mlc\\\/#website\",\"url\":\"https:\\\/\\\/www.maisonlouiscarre.fr\\\/mlc\\\/\",\"name\":\"Maison Louis Carr\u00e9\",\"description\":\"Villa r\u00e9alis\u00e9e par l&#039;architecte Alvar Aalto pour le marchand d&#039;art Louis Carr\u00e9, qui accueille aujourd&#039;hui des visites, des \u00e9v\u00e9nements et des s\u00e9minaires.\",\"publisher\":{\"@id\":\"https:\\\/\\\/www.maisonlouiscarre.fr\\\/mlc\\\/#organization\"},\"potentialAction\":[{\"@type\":\"SearchAction\",\"target\":{\"@type\":\"EntryPoint\",\"urlTemplate\":\"https:\\\/\\\/www.maisonlouiscarre.fr\\\/mlc\\\/?s={search_term_string}\"},\"query-input\":{\"@type\":\"PropertyValueSpecification\",\"valueRequired\":true,\"valueName\":\"search_term_string\"}}],\"inLanguage\":\"fr-FR\"},{\"@type\":\"Organization\",\"@id\":\"https:\\\/\\\/www.maisonlouiscarre.fr\\\/mlc\\\/#organization\",\"name\":\"Maison Louis Carr\u00e9\",\"url\":\"https:\\\/\\\/www.maisonlouiscarre.fr\\\/mlc\\\/\",\"logo\":{\"@type\":\"ImageObject\",\"inLanguage\":\"fr-FR\",\"@id\":\"https:\\\/\\\/www.maisonlouiscarre.fr\\\/mlc\\\/#\\\/schema\\\/logo\\\/image\\\/\",\"url\":\"https:\\\/\\\/www.maisonlouiscarre.fr\\\/mlc\\\/wp-content\\\/uploads\\\/2026\\\/03\\\/Logo_MLC-1.png\",\"contentUrl\":\"https:\\\/\\\/www.maisonlouiscarre.fr\\\/mlc\\\/wp-content\\\/uploads\\\/2026\\\/03\\\/Logo_MLC-1.png\",\"width\":592,\"height\":192,\"caption\":\"Maison Louis Carr\u00e9\"},\"image\":{\"@id\":\"https:\\\/\\\/www.maisonlouiscarre.fr\\\/mlc\\\/#\\\/schema\\\/logo\\\/image\\\/\"},\"sameAs\":[\"https:\\\/\\\/www.facebook.com\\\/MaisonLouisCarre\\\/\"]}]}<\/script>\n<!-- \/ Yoast SEO plugin. -->","yoast_head_json":{"title":"> R\u00c9SERVEZ VOTRE VISITE GUID\u00c9E EN ANGLAIS AVEC NAVETTE - Maison Louis Carr\u00e9","robots":{"index":"index","follow":"follow","max-snippet":"max-snippet:-1","max-image-preview":"max-image-preview:large","max-video-preview":"max-video-preview:-1"},"canonical":"https:\/\/www.maisonlouiscarre.fr\/mlc\/produit\/reservez-votre-visite-guidee-en-anglais-avec-navette\/","og_locale":"fr_FR","og_type":"article","og_title":"> R\u00c9SERVEZ VOTRE VISITE GUID\u00c9E EN ANGLAIS AVEC NAVETTE - Maison Louis Carr\u00e9","og_description":"- D\u00e9part de la porte d\u2019Auteuil, devant la fontaine, \u00e0 15h00, retour porte d\u2019Auteuil vers 19h. - 1 heure de visite guid\u00e9e en anglais + 1 heure de visite libre du parc. - M\u00b0 Porte d'Auteuil (ligne 10), sortie n\u00b0 2, rdv devant la fontaine, le car de Versailles y est 15 min avant. (Plan). - Pour le retour, rejoindre le bus sur le parking de la maison \u00e0 18h15. Date en rose : complet ou ferm\u00e9","og_url":"https:\/\/www.maisonlouiscarre.fr\/mlc\/produit\/reservez-votre-visite-guidee-en-anglais-avec-navette\/","og_site_name":"Maison Louis Carr\u00e9","article_publisher":"https:\/\/www.facebook.com\/MaisonLouisCarre\/","article_modified_time":"2026-03-19T09:17:52+00:00","og_image":[{"width":2000,"height":1000,"url":"https:\/\/www.maisonlouiscarre.fr\/mlc\/wp-content\/uploads\/2018\/03\/Carre_5_pb.jpg","type":"image\/jpeg"}],"twitter_card":"summary_large_image","schema":{"@context":"https:\/\/schema.org","@graph":[{"@type":"WebPage","@id":"https:\/\/www.maisonlouiscarre.fr\/mlc\/produit\/reservez-votre-visite-guidee-en-anglais-avec-navette\/","url":"https:\/\/www.maisonlouiscarre.fr\/mlc\/produit\/reservez-votre-visite-guidee-en-anglais-avec-navette\/","name":"> R\u00c9SERVEZ VOTRE VISITE GUID\u00c9E EN ANGLAIS AVEC NAVETTE - Maison Louis Carr\u00e9","isPartOf":{"@id":"https:\/\/www.maisonlouiscarre.fr\/mlc\/#website"},"primaryImageOfPage":{"@id":"https:\/\/www.maisonlouiscarre.fr\/mlc\/produit\/reservez-votre-visite-guidee-en-anglais-avec-navette\/#primaryimage"},"image":{"@id":"https:\/\/www.maisonlouiscarre.fr\/mlc\/produit\/reservez-votre-visite-guidee-en-anglais-avec-navette\/#primaryimage"},"thumbnailUrl":"https:\/\/www.maisonlouiscarre.fr\/mlc\/wp-content\/uploads\/2018\/03\/Carre_5_pb.jpg","datePublished":"2019-07-22T10:40:53+00:00","dateModified":"2026-03-19T09:17:52+00:00","breadcrumb":{"@id":"https:\/\/www.maisonlouiscarre.fr\/mlc\/produit\/reservez-votre-visite-guidee-en-anglais-avec-navette\/#breadcrumb"},"inLanguage":"fr-FR","potentialAction":[{"@type":"ReadAction","target":["https:\/\/www.maisonlouiscarre.fr\/mlc\/produit\/reservez-votre-visite-guidee-en-anglais-avec-navette\/"]}]},{"@type":"ImageObject","inLanguage":"fr-FR","@id":"https:\/\/www.maisonlouiscarre.fr\/mlc\/produit\/reservez-votre-visite-guidee-en-anglais-avec-navette\/#primaryimage","url":"https:\/\/www.maisonlouiscarre.fr\/mlc\/wp-content\/uploads\/2018\/03\/Carre_5_pb.jpg","contentUrl":"https:\/\/www.maisonlouiscarre.fr\/mlc\/wp-content\/uploads\/2018\/03\/Carre_5_pb.jpg","width":2000,"height":1000},{"@type":"BreadcrumbList","@id":"https:\/\/www.maisonlouiscarre.fr\/mlc\/produit\/reservez-votre-visite-guidee-en-anglais-avec-navette\/#breadcrumb","itemListElement":[{"@type":"ListItem","position":1,"name":"Accueil","item":"https:\/\/www.maisonlouiscarre.fr\/mlc\/"},{"@type":"ListItem","position":2,"name":"Produits","item":"https:\/\/www.maisonlouiscarre.fr\/mlc\/shop\/"},{"@type":"ListItem","position":3,"name":"> R\u00c9SERVEZ VOTRE VISITE GUID\u00c9E EN ANGLAIS AVEC NAVETTE"}]},{"@type":"WebSite","@id":"https:\/\/www.maisonlouiscarre.fr\/mlc\/#website","url":"https:\/\/www.maisonlouiscarre.fr\/mlc\/","name":"Maison Louis Carr\u00e9","description":"Villa r\u00e9alis\u00e9e par l&#039;architecte Alvar Aalto pour le marchand d&#039;art Louis Carr\u00e9, qui accueille aujourd&#039;hui des visites, des \u00e9v\u00e9nements et des s\u00e9minaires.","publisher":{"@id":"https:\/\/www.maisonlouiscarre.fr\/mlc\/#organization"},"potentialAction":[{"@type":"SearchAction","target":{"@type":"EntryPoint","urlTemplate":"https:\/\/www.maisonlouiscarre.fr\/mlc\/?s={search_term_string}"},"query-input":{"@type":"PropertyValueSpecification","valueRequired":true,"valueName":"search_term_string"}}],"inLanguage":"fr-FR"},{"@type":"Organization","@id":"https:\/\/www.maisonlouiscarre.fr\/mlc\/#organization","name":"Maison Louis Carr\u00e9","url":"https:\/\/www.maisonlouiscarre.fr\/mlc\/","logo":{"@type":"ImageObject","inLanguage":"fr-FR","@id":"https:\/\/www.maisonlouiscarre.fr\/mlc\/#\/schema\/logo\/image\/","url":"https:\/\/www.maisonlouiscarre.fr\/mlc\/wp-content\/uploads\/2026\/03\/Logo_MLC-1.png","contentUrl":"https:\/\/www.maisonlouiscarre.fr\/mlc\/wp-content\/uploads\/2026\/03\/Logo_MLC-1.png","width":592,"height":192,"caption":"Maison Louis Carr\u00e9"},"image":{"@id":"https:\/\/www.maisonlouiscarre.fr\/mlc\/#\/schema\/logo\/image\/"},"sameAs":["https:\/\/www.facebook.com\/MaisonLouisCarre\/"]}]}},"_links":{"self":[{"href":"https:\/\/www.maisonlouiscarre.fr\/mlc\/wp-json\/wp\/v2\/product\/8578","targetHints":{"allow":["GET"]}}],"collection":[{"href":"https:\/\/www.maisonlouiscarre.fr\/mlc\/wp-json\/wp\/v2\/product"}],"about":[{"href":"https:\/\/www.maisonlouiscarre.fr\/mlc\/wp-json\/wp\/v2\/types\/product"}],"wp:featuredmedia":[{"embeddable":true,"href":"https:\/\/www.maisonlouiscarre.fr\/mlc\/wp-json\/wp\/v2\/media\/1354"}],"wp:attachment":[{"href":"https:\/\/www.maisonlouiscarre.fr\/mlc\/wp-json\/wp\/v2\/media?parent=8578"}],"wp:term":[{"taxonomy":"product_brand","embeddable":true,"href":"https:\/\/www.maisonlouiscarre.fr\/mlc\/wp-json\/wp\/v2\/product_brand?post=8578"},{"taxonomy":"product_cat","embeddable":true,"href":"https:\/\/www.maisonlouiscarre.fr\/mlc\/wp-json\/wp\/v2\/product_cat?post=8578"},{"taxonomy":"product_tag","embeddable":true,"href":"https:\/\/www.maisonlouiscarre.fr\/mlc\/wp-json\/wp\/v2\/product_tag?post=8578"}],"curies":[{"name":"wp","href":"https:\/\/api.w.org\/{rel}","templated":true}]}}